{"id":114,"date":"2020-03-27T09:37:59","date_gmt":"2020-03-27T13:37:59","guid":{"rendered":"http:\/\/dioc.azurewebsites.net\/?page_id=114"},"modified":"2021-04-06T16:17:22","modified_gmt":"2021-04-06T20:17:22","slug":"site-map","status":"publish","type":"page","link":"https:\/\/prd-0220-dioc-wordpress.azurewebsites.net\/fr\/site-map\/","title":{"rendered":"Plan du site"},"content":{"rendered":"<p><a href=\"http:\/\/https:\/\/prd-0220-dioc-wordpress.azurewebsites.net\/\" data-type=\"URL\">Conseil de surveillance des enqu\u00eates sur les d\u00e9c\u00e8s<\/a><\/p>\n\n\n\n<p><a href=\"http:\/\/https:\/\/prd-0220-dioc-wordpress.azurewebsites.net\/members\/\">\u00c0 propos de nous<\/a><\/p>\n\n\n\n<p><a href=\"http:\/\/https:\/\/prd-0220-dioc-wordpress.azurewebsites.net\/complaints\/\">Plaintes<\/a><\/p>\n\n\n\n<p><a href=\"http:\/\/https:\/\/prd-0220-dioc-wordpress.azurewebsites.net\/discretionary-inquests\/\">Enqu\u00eates discr\u00e9tionnaires<\/a><\/p>\n\n\n\n<p><a href=\"http:\/\/https:\/\/prd-0220-dioc-wordpress.azurewebsites.net\/resources\/\">Ressources<\/a><\/p>\n\n\n\n<p class=\"has-text-align-left\"><a href=\"http:\/\/https:\/\/prd-0220-dioc-wordpress.azurewebsites.net\/agency-accountability\/\">Responsabilit\u00e9 des agences<\/a><\/p>\n\n\n\n<p><a href=\"http:\/\/https:\/\/prd-0220-dioc-wordpress.azurewebsites.net\/contact-us\/\">Contactez-nous<\/a><\/p>\n\n\n\n<p><\/p>","protected":false},"excerpt":{"rendered":"<p>Death Investigation Oversight Council About Us Complaints Discretionary Inquests Resources Agency Accountability Contact Us<\/p>","protected":false},"author":1,"featured_media":0,"parent":0,"menu_order":0,"comment_status":"closed","ping_status":"closed","template":"","meta":{"footnotes":""},"class_list":["post-114","page","type-page","status-publish"],"_links":{"self":[{"href":"https:\/\/prd-0220-dioc-wordpress.azurewebsites.net\/fr\/wp-json\/wp\/v2\/pages\/114","targetHints":{"allow":["GET"]}}],"collection":[{"href":"https:\/\/prd-0220-dioc-wordpress.azurewebsites.net\/fr\/wp-json\/wp\/v2\/pages"}],"about":[{"href":"https:\/\/prd-0220-dioc-wordpress.azurewebsites.net\/fr\/wp-json\/wp\/v2\/types\/page"}],"author":[{"embeddable":true,"href":"https:\/\/prd-0220-dioc-wordpress.azurewebsites.net\/fr\/wp-json\/wp\/v2\/users\/1"}],"replies":[{"embeddable":true,"href":"https:\/\/prd-0220-dioc-wordpress.azurewebsites.net\/fr\/wp-json\/wp\/v2\/comments?post=114"}],"version-history":[{"count":7,"href":"https:\/\/prd-0220-dioc-wordpress.azurewebsites.net\/fr\/wp-json\/wp\/v2\/pages\/114\/revisions"}],"predecessor-version":[{"id":528,"href":"https:\/\/prd-0220-dioc-wordpress.azurewebsites.net\/fr\/wp-json\/wp\/v2\/pages\/114\/revisions\/528"}],"wp:attachment":[{"href":"https:\/\/prd-0220-dioc-wordpress.azurewebsites.net\/fr\/wp-json\/wp\/v2\/media?parent=114"}],"curies":[{"name":"wp","href":"https:\/\/api.w.org\/{rel}","templated":true}]}}