{"id":78,"date":"2020-03-25T15:38:55","date_gmt":"2020-03-25T19:38:55","guid":{"rendered":"http:\/\/dioc.azurewebsites.net\/?page_id=78"},"modified":"2021-02-16T19:33:48","modified_gmt":"2021-02-16T23:33:48","slug":"contact-us","status":"publish","type":"page","link":"https:\/\/prd-0220-dioc-wordpress.azurewebsites.net\/fr\/contact-us\/","title":{"rendered":"Contactez-nous"},"content":{"rendered":"<figure class=\"wp-block-image size-large\"><img loading=\"lazy\" decoding=\"async\" width=\"1024\" height=\"248\" src=\"\/wp-content\/uploads\/2020\/05\/contact-us-2-scaled-e1612757139672-1024x248.jpeg\" alt=\"Contact Us\" class=\"wp-image-276\" srcset=\"\/wp-content\/uploads\/2020\/05\/contact-us-2-scaled-e1612757139672-1024x248.jpeg 1024w, \/wp-content\/uploads\/2020\/05\/contact-us-2-scaled-e1612757139672-300x73.jpeg 300w, \/wp-content\/uploads\/2020\/05\/contact-us-2-scaled-e1612757139672-768x186.jpeg 768w, \/wp-content\/uploads\/2020\/05\/contact-us-2-scaled-e1612757139672-1536x372.jpeg 1536w, \/wp-content\/uploads\/2020\/05\/contact-us-2-scaled-e1612757139672-2048x496.jpeg 2048w, \/wp-content\/uploads\/2020\/05\/contact-us-2-scaled-e1612757139672-16x4.jpeg 16w\" sizes=\"auto, (max-width: 1024px) 100vw, 1024px\" \/><\/figure>\n\n\n\n<h2 class=\"has-text-align-center wp-block-heading\"><strong>Adresse :<\/strong><\/h2>\n\n\n\n<p class=\"has-text-align-center\">Conseil de surveillance des enqu\u00eates sur les d\u00e9c\u00e8s<\/p>\n\n\n\n<p class=\"has-text-align-center\">25, rue Grosvenor, 15e \u00e9tage<\/p>\n\n\n\n<p class=\"has-text-align-center\">Toronto, Ontario, M7A 1Y6<\/p>\n\n\n\n<h2 class=\"has-text-align-center wp-block-heading\"><strong>Courriel :<\/strong>: <\/h2>\n\n\n\n<p class=\"has-text-align-center\"><a href=\"mailto:dioc@ontario.ca\">dioc@ontario.ca<\/a><\/p>\n\n\n\n<h2 class=\"has-text-align-center wp-block-heading\"><strong>T\u00e9l\u00e9phone<\/strong>: <\/h2>\n\n\n\n<p class=\"has-text-align-center\">(416) 212-8443 \/ 1 (855) 240-3414 (sans frais)<\/p>\n\n\n\n<h2 class=\"has-text-align-center wp-block-heading\"><strong style=\"font-size: inherit; background-color: initial;\">Enqu\u00eates sur les m\u00e9dias :<\/strong><\/h2>\n\n\n\n<p class=\"has-text-align-center\">Brent Ross, minist\u00e8re du Solliciteur g\u00e9n\u00e9ral, 416-314-7024<\/p>\n\n\n\n<div class=\"wp-block-group\"><div class=\"wp-block-group__inner-container is-layout-flow wp-block-group-is-layout-flow\">\n<p class=\"has-text-align-center has-small-font-size\"><a href=\"https:\/\/prd-0220-dioc-wordpress.azurewebsites.net\/fr\/site-map\/\" data-type=\"URL\">Plan du site<\/a> | <a href=\"https:\/\/www.ontario.ca\/fr\/page\/accessibilite\">Accessibilit\u00e9<\/a> | <a href=\"https:\/\/www.ontario.ca\/fr\/page\/declaration-concernant-la-protection-de-la-vie-privee\">Vie priv\u00e9e<\/a> | <a href=\"https:\/\/www.ontario.ca\/fr\/page\/ministere-des-services-gouvernementaux-et-des-services-aux-consommateurs\">Avis importants<\/a><\/p>\n<\/div><\/div>\n\n\n\n<p><\/p>","protected":false},"excerpt":{"rendered":"<p>Address: Death Investigation Oversight Council 25 Grosvenor Street, 15th floor Toronto, Ontario, M7A 1Y6 Email: dioc@ontario.ca Telephone: (416) 212-8443 \/ 1 (855) 240-3414 (Toll free) Media Inquiries: Brent Ross, Ministry of the Solicitor General, 416-314-7024<\/p>","protected":false},"author":1,"featured_media":0,"parent":0,"menu_order":0,"comment_status":"closed","ping_status":"closed","template":"","meta":{"footnotes":""},"class_list":["post-78","page","type-page","status-publish"],"_links":{"self":[{"href":"https:\/\/prd-0220-dioc-wordpress.azurewebsites.net\/fr\/wp-json\/wp\/v2\/pages\/78","targetHints":{"allow":["GET"]}}],"collection":[{"href":"https:\/\/prd-0220-dioc-wordpress.azurewebsites.net\/fr\/wp-json\/wp\/v2\/pages"}],"about":[{"href":"https:\/\/prd-0220-dioc-wordpress.azurewebsites.net\/fr\/wp-json\/wp\/v2\/types\/page"}],"author":[{"embeddable":true,"href":"https:\/\/prd-0220-dioc-wordpress.azurewebsites.net\/fr\/wp-json\/wp\/v2\/users\/1"}],"replies":[{"embeddable":true,"href":"https:\/\/prd-0220-dioc-wordpress.azurewebsites.net\/fr\/wp-json\/wp\/v2\/comments?post=78"}],"version-history":[{"count":8,"href":"https:\/\/prd-0220-dioc-wordpress.azurewebsites.net\/fr\/wp-json\/wp\/v2\/pages\/78\/revisions"}],"predecessor-version":[{"id":516,"href":"https:\/\/prd-0220-dioc-wordpress.azurewebsites.net\/fr\/wp-json\/wp\/v2\/pages\/78\/revisions\/516"}],"wp:attachment":[{"href":"https:\/\/prd-0220-dioc-wordpress.azurewebsites.net\/fr\/wp-json\/wp\/v2\/media?parent=78"}],"curies":[{"name":"wp","href":"https:\/\/api.w.org\/{rel}","templated":true}]}}