{"id":95,"date":"2020-03-25T16:44:58","date_gmt":"2020-03-25T20:44:58","guid":{"rendered":"http:\/\/dioc.azurewebsites.net\/?page_id=95"},"modified":"2021-04-07T14:32:07","modified_gmt":"2021-04-07T18:32:07","slug":"discretionary-inquests","status":"publish","type":"page","link":"https:\/\/prd-0220-dioc-wordpress.azurewebsites.net\/fr\/discretionary-inquests\/","title":{"rendered":"Enqu\u00eates discr\u00e9tionnaires"},"content":{"rendered":"<figure class=\"wp-block-image size-large\"><img loading=\"lazy\" decoding=\"async\" width=\"1024\" height=\"304\" src=\"\/wp-content\/uploads\/2020\/05\/Recommendations-1-scaled-e1612756434586-1024x304.jpeg\" alt=\"The concept of business, technology, the Internet and the network. A young entrepreneur working on a virtual screen of the future and sees the inscription: Recommendation\" class=\"wp-image-303\" srcset=\"\/wp-content\/uploads\/2020\/05\/Recommendations-1-scaled-e1612756434586-1024x304.jpeg 1024w, \/wp-content\/uploads\/2020\/05\/Recommendations-1-scaled-e1612756434586-300x89.jpeg 300w, \/wp-content\/uploads\/2020\/05\/Recommendations-1-scaled-e1612756434586-768x228.jpeg 768w, \/wp-content\/uploads\/2020\/05\/Recommendations-1-scaled-e1612756434586-1536x457.jpeg 1536w, \/wp-content\/uploads\/2020\/05\/Recommendations-1-scaled-e1612756434586-2048x609.jpeg 2048w, \/wp-content\/uploads\/2020\/05\/Recommendations-1-scaled-e1612756434586-16x5.jpeg 16w\" sizes=\"auto, (max-width: 1024px) 100vw, 1024px\" \/><\/figure>\n\n\n\n<p>Avec les modifications apport\u00e9es \u00e0 <a href=\"https:\/\/www.ontario.ca\/fr\/lois\/reglement\/900180\">R\u00e8glement 180<\/a> de la loi sur les coroners, le r\u00f4le du Conseil de surveillance des enqu\u00eates sur les d\u00e9c\u00e8s (DIOC) a \u00e9t\u00e9 \u00e9largi pour lui permettre de donner des conseils et de faire des recommandations au coroner en chef quant \u00e0 l'opportunit\u00e9 d'une enqu\u00eate discr\u00e9tionnaire.<\/p>\n\n\n\n<p>Alors que les enqu\u00eates obligatoires sont exig\u00e9es par la loi pour certains types de d\u00e9c\u00e8s, les enqu\u00eates discr\u00e9tionnaires sont demand\u00e9es par le coroner en chef lorsqu'on estime que des probl\u00e8mes syst\u00e9miques, lorsqu'ils sont mis en lumi\u00e8re et examin\u00e9s dans le cadre d'une enqu\u00eate, peuvent faire progresser la s\u00e9curit\u00e9 publique.<\/p>\n\n\n\n<p>L'autorit\u00e9 l\u00e9gislative pour d\u00e9terminer si une enqu\u00eate discr\u00e9tionnaire doit \u00eatre convoqu\u00e9e appartient toujours au coroner en chef. Toutefois, la DIOC ajoutera une voix ind\u00e9pendante et publique au processus d'enqu\u00eate discr\u00e9tionnaire, permettant au coroner en chef de prendre en compte un plus large \u00e9ventail de points de vue dans ses d\u00e9lib\u00e9rations.<\/p>\n\n\n\n<p>En savoir plus<\/p>\n\n\n\n<p><a href=\"https:\/\/news.ontario.ca\/mcscs\/fr\/2016\/09\/un-nouveau-reglement-renforce-le-systeme-denquete-sur-les-deces.html\">Un nouveau r\u00e8glement renforce le syst\u00e8me d'enqu\u00eate sur les d\u00e9c\u00e8s<\/a><\/p>\n\n\n\n<h2 class=\"wp-block-heading\"><span style=\"color: #086993;\"><strong><span class=\"has-inline-color\"><span style=\"text-decoration: underline;\"><span style=\"color: #086993; text-decoration: underline;\">Foire aux questions<\/span><\/span>:<\/span><\/strong><\/span><\/h2>\n\n\n\n<p><strong style=\"font-style: inherit;\">Q:&nbsp;<\/strong><strong style=\"font-style: inherit;\"><span style=\"font-style: inherit;\">Qu'est-ce qu'une enqu\u00eate ?<\/span><\/strong><\/p>\n\n\n\n<p><span style=\"font-style: inherit;\">Une enqu\u00eate est une audience publique destin\u00e9e \u00e0 attirer l'attention du public sur les circonstances d'un d\u00e9c\u00e8s par un examen objectif des faits.\u00a0\u00a0\u00c0 l'issue d'une enqu\u00eate, le jury compos\u00e9 de cinq personnes formule souvent des recommandations susceptibles d'\u00e9viter des d\u00e9c\u00e8s dans des circonstances similaires.<\/span><\/p>\n\n\n\n<p><strong style=\"font-style: inherit;\">Q: Qu'est-ce qui n'est PAS une enqu\u00eate ?<\/strong><\/p>\n\n\n\n<p><span style=\"font-style: inherit;\">Une enqu\u00eate n'est PAS un processus contradictoire et n'a pas pour but d'attribuer des responsabilit\u00e9s ou d'exprimer une conclusion de droit (c'est-\u00e0-dire qu'il ne s'agit pas d'un proc\u00e8s ou d'un processus de d\u00e9couverte).\u00a0\u00a0Ce n'est pas non plus une commission royale, une campagne ou une croisade dirig\u00e9e par des programmes personnels ou philosophiques.<\/span><\/p>\n\n\n\n<p><strong style=\"font-style: inherit;\">Q:&nbsp;<\/strong><strong style=\"font-style: inherit;\"><span style=\"font-style: inherit;\">Quelle est la diff\u00e9rence entre une enqu\u00eate obligatoire et une enqu\u00eate discr\u00e9tionnaire ?<\/span><\/strong><\/p>\n\n\n\n<p><span style=\"font-style: inherit;\">Des enqu\u00eates obligatoires sont men\u00e9es pour certains types de d\u00e9c\u00e8s, comme le pr\u00e9cise la loi sur les coroners ?<\/span><\/p>\n\n\n\n<p><span style=\"font-style: inherit;\">Toutes les autres enqu\u00eates sont consid\u00e9r\u00e9es comme discr\u00e9tionnaires et peuvent \u00eatre men\u00e9es conform\u00e9ment \u00e0 l'article 20 de la loi sur les coroners.<\/span><\/p>\n\n\n\n<p><strong style=\"font-style: inherit;\">Q : Puis-je demander une enqu\u00eate discr\u00e9tionnaire et comment le faire ?<\/strong><\/p>\n\n\n\n<p>Le conjoint, un parent, un enfant, un fr\u00e8re, une s\u0153ur ou un repr\u00e9sentant personnel de la personne d\u00e9c\u00e9d\u00e9e peut demander la tenue d'une enqu\u00eate.<\/p>\n\n\n\n<p>La demande doit \u00eatre faite au coroner, par \u00e9crit, et le coroner doit donner \u00e0 la personne qui demande l'enqu\u00eate la possibilit\u00e9 d'exposer ses raisons, soit personnellement, soit par l'interm\u00e9diaire de son agent, soit par \u00e9crit.<span style=\"font-style: inherit;\">&nbsp;<\/span><\/p>\n\n\n\n<p><span style=\"font-style: inherit;\">Le coroner pr\u00e9sentera cette demande \u00e0 l'\u00e9quipe de direction du coroner superviseur r\u00e9gional (RSC), qui d\u00e9terminera si une enqu\u00eate doit \u00eatre men\u00e9e.<\/span><\/p>\n\n\n\n<p><strong style=\"font-style: inherit;\">Q : Quels sont mes recours si ma demande d'enqu\u00eate discr\u00e9tionnaire est rejet\u00e9e ?<\/strong><\/p>\n\n\n\n<p>Si le CSR d\u00e9cide de ne pas ouvrir une enqu\u00eate, vous pouvez demander au coroner en chef de r\u00e9examiner la d\u00e9cision en exposant vos raisons personnellement, par l'interm\u00e9diaire d'un agent ou par \u00e9crit.<\/p>\n\n\n\n<p>La demande de r\u00e9vision par le coroner en chef doit \u00eatre faite dans les vingt (20) jours suivant la r\u00e9ception de la d\u00e9cision du CSR de ne pas convoquer d'enqu\u00eate.<\/p>\n\n\n\n<p>Votre demande et toutes les pi\u00e8ces justificatives peuvent \u00eatre envoy\u00e9es au coroner en chef \u00e0 l'adresse suivante<\/p>\n\n\n\n<p>25, avenue Morton Shulman, 2e \u00e9tage<br style=\"font-style: inherit;\">Toronto, ON M3M 0B1<\/p>\n\n\n\n<p><strong style=\"font-style: inherit;\">Q : Comment la DIOC s'implique-t-elle dans le processus d'enqu\u00eate discr\u00e9tionnaire ?<\/strong><\/p>\n\n\n\n<p>\u00c0 la r\u00e9ception d'une demande de r\u00e9examen (en vertu du paragraphe 26 (2) de la&nbsp;<em style=\"font-style: inherit;\">Loi sur les coroners<\/em>, le coroner en chef fournira le dossier d'enqu\u00eate du coroner \u00e0 la DIOC pour que sa commission d'enqu\u00eate l'examine.<span style=\"font-style: inherit;\">&nbsp;&nbsp;<\/span>Le dossier d'enqu\u00eate doit comprendre la demande de r\u00e9examen et les pi\u00e8ces justificatives qui peuvent aider le comit\u00e9 \u00e0 formuler une recommandation en connaissance de cause.<\/p>\n\n\n\n<p>Dans son examen de la demande et du dossier, la commission d'enqu\u00eate de la DIOC tiendra compte de l'int\u00e9r\u00eat du public et examinera \u00e9galement la d\u00e9cision du CSR.<span style=\"font-style: inherit;\">&nbsp;&nbsp;<\/span>La commission recommandera au coroner en chef, par \u00e9crit, si une enqu\u00eate discr\u00e9tionnaire doit \u00eatre convoqu\u00e9e.<\/p>\n\n\n\n<p><span style=\"font-style: inherit;\">Le coroner en chef examinera la recommandation de la DIOC et ses conclusions sur la base de son propre examen parall\u00e8le, et d\u00e9cidera si une enqu\u00eate discr\u00e9tionnaire doit \u00eatre convoqu\u00e9e.<\/span><\/p>\n\n\n\n<p><strong style=\"font-style: inherit;\">Q:&nbsp;<\/strong><strong style=\"font-style: inherit;\"><span style=\"font-style: inherit;\">Que se passe-t-il si je dispose d'informations suppl\u00e9mentaires que je souhaiterais voir prises en compte dans ma demande de r\u00e9examen au titre de l'article 26, paragraphe 2 ?<\/span><\/strong><\/p>\n\n\n\n<p>Si vous disposez d'informations suppl\u00e9mentaires qui justifient vos raisons de mener une enqu\u00eate discr\u00e9tionnaire, vous pouvez les communiquer au coroner en chef. Le coroner en chef veillera \u00e0 ce que la DIOC re\u00e7oive toute information suppl\u00e9mentaire fournie.<\/p>\n\n\n\n<p><span style=\"font-style: inherit;\">Veuillez noter que tout retard dans la r\u00e9ception d'informations suppl\u00e9mentaires peut entra\u00eener un retard dans l'ach\u00e8vement de l'examen.<\/span>&nbsp;<\/p>\n\n\n\n<p><strong style=\"font-style: inherit;\">Q:&nbsp;<\/strong><strong style=\"font-style: inherit;\"><span style=\"font-style: inherit;\">En moyenne, combien de temps prend l'examen d'une demande au titre du paragraphe 26(2) ?<\/span><\/strong><\/p>\n\n\n\n<p>Les d\u00e9lais pour effectuer un examen et faire une recommandation au coroner en chef d\u00e9pendront d'un certain nombre de facteurs, dont la complexit\u00e9 de l'affaire.<\/p>\n\n\n\n<p><strong style=\"font-style: inherit;\">Q:&nbsp;<\/strong><strong style=\"font-style: inherit;\"><span style=\"font-style: inherit;\">Vais-je recevoir une copie de l'avis de la DIOC au coroner en chef ?<\/span><\/strong><\/p>\n\n\n\n<p><span style=\"font-style: inherit;\">La recommandation de la DIOC, y compris sa justification, sera jointe \u00e0 la d\u00e9cision du coroner en chef \u00e0 l'intention du demandeur.<\/span><\/p>\n\n\n\n<p><strong style=\"font-style: inherit;\">Q:&nbsp;<\/strong><strong style=\"font-style: inherit;\"><span style=\"font-style: inherit;\">J'ai des questions suppl\u00e9mentaires concernant les enqu\u00eates discr\u00e9tionnaires, \u00e0 qui dois-je m'adresser ?<\/span><\/strong><\/p>\n\n\n\n<p>Si vous avez des questions concernant le processus d'enqu\u00eate discr\u00e9tionnaire en g\u00e9n\u00e9ral ou si vous avez des questions concernant votre demande sp\u00e9cifique, veuillez contacter le bureau du coroner en chef au plus tard le<\/p>\n\n\n\n<ul class=\"wp-block-list\"><li style=\"font-style: inherit;\">par t\u00e9l\u00e9phone au 1-877-991-9959 (sans frais, en Ontario seulement) ou au 416-314-4000<\/li><li style=\"font-style: inherit;\">e-mail \u00e0&nbsp;<a style=\"font-style: inherit;\" href=\"mailto:OCC.Inquiries@ontario.ca\">OCC.Inquiries@ontario.ca<\/a><\/li><\/ul>\n\n\n\n<p>\u00a0<span style=\"font-style: inherit;\">If your questions are regarding DIOC\u2019s role in the review of subsection 26 (2) cases or DIOC\u2019s review process for such cases, please click on the \u201cContact Us\u201d tab for our contact information.<\/span><\/p>\n\n\n\n<div class=\"wp-block-group\"><div class=\"wp-block-group__inner-container is-layout-flow wp-block-group-is-layout-flow\">\n<p class=\"has-text-align-center has-small-font-size\"><a href=\"https:\/\/prd-0220-dioc-wordpress.azurewebsites.net\/fr\/site-map\/\" data-type=\"URL\">Plan du site<\/a> | <a href=\"https:\/\/www.ontario.ca\/fr\/page\/accessibilite\">Accessibilit\u00e9<\/a> | <a href=\"https:\/\/www.ontario.ca\/fr\/page\/declaration-concernant-la-protection-de-la-vie-privee\">Vie priv\u00e9e<\/a> | <a href=\"https:\/\/www.ontario.ca\/fr\/page\/ministere-des-services-gouvernementaux-et-des-services-aux-consommateurs\">Avis importants<\/a><\/p>\n<\/div><\/div>\n\n\n\n<p><\/p>","protected":false},"excerpt":{"rendered":"<p>With the changes made to Regulation 180 of the Coroners Act, the role of the Death Investigation Oversight Council (DIOC) was expanded to allow it to provide advice and make recommendations to the Chief Coroner with respect to whether a discretionary inquest should be called. While mandatory inquests are required by law for certain types &#8230; <a title=\"Enqu\u00eates discr\u00e9tionnaires\" class=\"read-more\" href=\"https:\/\/prd-0220-dioc-wordpress.azurewebsites.net\/fr\/discretionary-inquests\/\" aria-label=\"En savoir plus sur Discretionary Inquests\">Continuer la lecture<\/a><\/p>","protected":false},"author":1,"featured_media":0,"parent":0,"menu_order":0,"comment_status":"closed","ping_status":"closed","template":"","meta":{"footnotes":""},"class_list":["post-95","page","type-page","status-publish"],"_links":{"self":[{"href":"https:\/\/prd-0220-dioc-wordpress.azurewebsites.net\/fr\/wp-json\/wp\/v2\/pages\/95","targetHints":{"allow":["GET"]}}],"collection":[{"href":"https:\/\/prd-0220-dioc-wordpress.azurewebsites.net\/fr\/wp-json\/wp\/v2\/pages"}],"about":[{"href":"https:\/\/prd-0220-dioc-wordpress.azurewebsites.net\/fr\/wp-json\/wp\/v2\/types\/page"}],"author":[{"embeddable":true,"href":"https:\/\/prd-0220-dioc-wordpress.azurewebsites.net\/fr\/wp-json\/wp\/v2\/users\/1"}],"replies":[{"embeddable":true,"href":"https:\/\/prd-0220-dioc-wordpress.azurewebsites.net\/fr\/wp-json\/wp\/v2\/comments?post=95"}],"version-history":[{"count":20,"href":"https:\/\/prd-0220-dioc-wordpress.azurewebsites.net\/fr\/wp-json\/wp\/v2\/pages\/95\/revisions"}],"predecessor-version":[{"id":588,"href":"https:\/\/prd-0220-dioc-wordpress.azurewebsites.net\/fr\/wp-json\/wp\/v2\/pages\/95\/revisions\/588"}],"wp:attachment":[{"href":"https:\/\/prd-0220-dioc-wordpress.azurewebsites.net\/fr\/wp-json\/wp\/v2\/media?parent=95"}],"curies":[{"name":"wp","href":"https:\/\/api.w.org\/{rel}","templated":true}]}}